{"id":12954,"date":"2024-08-27T08:23:10","date_gmt":"2024-08-27T08:23:10","guid":{"rendered":"http:\/\/itech.dv.ancorathemes.com\/?page_id=12954"},"modified":"2026-02-22T13:03:16","modified_gmt":"2026-02-22T10:03:16","slug":"gizlilik-politikasi","status":"publish","type":"page","link":"https:\/\/halityardimci.com\/en\/gizlilik-politikasi\/","title":{"rendered":"Privacy Policy"},"content":{"rendered":"<div data-elementor-type=\"wp-page\" data-elementor-id=\"12954\" class=\"elementor elementor-12954\">\n\t\t\t\t\t\t<section class=\"elementor-section elementor-top-section elementor-element elementor-element-6f219633 elementor-section-boxed elementor-section-height-default elementor-section-height-default sc_fly_static\" data-id=\"6f219633\" data-element_type=\"section\" data-e-type=\"section\" data-settings=\"{&quot;background_background&quot;:&quot;classic&quot;}\">\n\t\t\t\t\t\t<div class=\"elementor-container elementor-column-gap-extended\">\n\t\t\t\t\t<div class=\"elementor-column elementor-col-100 elementor-top-column elementor-element elementor-element-74fbb8c9 sc_content_align_inherit sc_layouts_column_icons_position_left sc_fly_static\" data-id=\"74fbb8c9\" data-element_type=\"column\" data-e-type=\"column\">\n\t\t\t<div class=\"elementor-widget-wrap elementor-element-populated\">\n\t\t\t\t\t\t<div class=\"elementor-element elementor-element-49886f78 sc_fly_static elementor-widget elementor-widget-text-editor\" data-id=\"49886f78\" data-element_type=\"widget\" data-e-type=\"widget\" data-widget_type=\"text-editor.default\">\n\t\t\t\t\t\t\t\t\t<p>Privacy Policy<br \/>Effective Date: February 15, 2026<\/p><p>This Privacy Policy describes how your personal information is collected and used when you visit this website.<\/p><p>1. Information We Collect<br \/>Since this is a static informational website, we do not require any membership or account creation. However, we may collect information in the following ways:<\/p><p>Comments: When visitors leave comments on the site, we collect the data shown in the comments form, and also the visitor\u2019s IP address and browser user agent string to help spam detection.<\/p><p>Cookies: If you leave a comment on our site, you may opt-in to saving your name, email address, and website in cookies. These are for your convenience so that you do not have to fill in your details again when you leave another comment.<\/p><p>2. How We Use Your Information<br \/>We use the information collected solely for the following purposes:<\/p><p>To display and manage your comments.<\/p><p>To protect our website against spam and malicious activities.<\/p><p>3. Data Retention<br \/>If you leave a comment, the comment and its metadata are retained indefinitely. This is so we can recognize and approve any follow-up comments automatically instead of holding them in a moderation queue.<\/p><p>4. Third-Party Services<br \/>We do not sell, trade, or otherwise transfer your personal information to outside parties. This does not include trusted third parties who assist us in operating our website (such as spam protection services like Akismet), so long as those parties agree to keep this information confidential.<\/p><p>5. Your Rights<br \/>If you have left comments on this site, you can request to receive an exported file of the personal data we hold about you, including any data you have provided to us. You can also request that we erase any personal data we hold about you.<\/p><p>6. Contact Us<br \/>If you have any questions about this Privacy Policy, please contact us through our contact page.<\/p>\t\t\t\t\t\t\t\t<\/div>\n\t\t\t\t\t<\/div>\n\t\t<\/div>\n\t\t\t\t\t<\/div>\n\t\t<\/section>\n\t\t\t\t<section class=\"elementor-section elementor-top-section elementor-element elementor-element-4044144 elementor-section-boxed elementor-section-height-default elementor-section-height-default sc_fly_static\" data-id=\"4044144\" data-element_type=\"section\" data-e-type=\"section\">\n\t\t\t\t\t\t<div class=\"elementor-container elementor-column-gap-extended\">\n\t\t\t\t\t<div class=\"elementor-column elementor-col-100 elementor-top-column elementor-element elementor-element-98264c3 sc_content_align_inherit sc_layouts_column_icons_position_left sc_fly_static\" data-id=\"98264c3\" data-element_type=\"column\" data-e-type=\"column\">\n\t\t\t<div class=\"elementor-widget-wrap\">\n\t\t\t\t\t\t\t<\/div>\n\t\t<\/div>\n\t\t\t\t\t<\/div>\n\t\t<\/section>\n\t\t\t\t<section class=\"elementor-section elementor-top-section elementor-element elementor-element-90d2cc4 elementor-section-boxed elementor-section-height-default elementor-section-height-default sc_fly_static\" data-id=\"90d2cc4\" data-element_type=\"section\" data-e-type=\"section\">\n\t\t\t\t\t\t<div class=\"elementor-container elementor-column-gap-extended\">\n\t\t\t\t\t<div class=\"elementor-column elementor-col-100 elementor-top-column elementor-element elementor-element-bd429c2 sc_content_align_inherit sc_layouts_column_icons_position_left sc_fly_static\" data-id=\"bd429c2\" data-element_type=\"column\" data-e-type=\"column\">\n\t\t\t<div class=\"elementor-widget-wrap elementor-element-populated\">\n\t\t\t\t\t\t<div class=\"elementor-element elementor-element-4c3272b sc_fly_static elementor-widget elementor-widget-heading\" data-id=\"4c3272b\" data-element_type=\"widget\" data-e-type=\"widget\" data-widget_type=\"heading.default\">\n\t\t\t\t\t<span class=\"elementor-heading-title elementor-size-default\">Marmara University Faculty of Medicine, Department of Thoracic Surgery<\/span>\t\t\t\t<\/div>\n\t\t\t\t<div class=\"elementor-element elementor-element-e8c0ed3 sc_fly_static elementor-widget elementor-widget-heading\" data-id=\"e8c0ed3\" data-element_type=\"widget\" data-e-type=\"widget\" data-widget_type=\"heading.default\">\n\t\t\t\t\t<span class=\"elementor-heading-title elementor-size-default\">Academic Excellence and Clinical Experience in Thoracic Surgery<\/span>\t\t\t\t<\/div>\n\t\t\t\t<div class=\"elementor-element elementor-element-ee377ba sc_fly_static elementor-widget elementor-widget-heading\" data-id=\"ee377ba\" data-element_type=\"widget\" data-e-type=\"widget\" data-widget_type=\"heading.default\">\n\t\t\t\t\t<span class=\"elementor-heading-title elementor-size-default\">Assist. Prof. Ey\u00fcp Halit Yard\u0131mc\u0131 provides his patients with the most up-to-date treatment methods at Marmara University, backed by over 100 scientific publications and experience with thousands of clinical cases.<\/span>\t\t\t\t<\/div>\n\t\t\t\t<div class=\"elementor-element elementor-element-ef7f41e sc_fly_static elementor-widget elementor-widget-heading\" data-id=\"ef7f41e\" data-element_type=\"widget\" data-e-type=\"widget\" data-widget_type=\"heading.default\">\n\t\t\t\t\t<span class=\"elementor-heading-title elementor-size-default\">Book an Appointment<\/span>\t\t\t\t<\/div>\n\t\t\t\t<div class=\"elementor-element elementor-element-efc7ade sc_fly_static elementor-widget elementor-widget-heading\" data-id=\"efc7ade\" data-element_type=\"widget\" data-e-type=\"widget\" data-widget_type=\"heading.default\">\n\t\t\t\t\t<span class=\"elementor-heading-title elementor-size-default\">Marmara University Pendik Training and Research Hospital<\/span>\t\t\t\t<\/div>\n\t\t\t\t<div class=\"elementor-element elementor-element-bb6d828 sc_fly_static elementor-widget elementor-widget-heading\" data-id=\"bb6d828\" data-element_type=\"widget\" data-e-type=\"widget\" data-widget_type=\"heading.default\">\n\t\t\t\t\t<span class=\"elementor-heading-title elementor-size-default\">TUESDAY: PENDIK CAMPUS<\/span>\t\t\t\t<\/div>\n\t\t\t\t<div class=\"elementor-element elementor-element-336f7f4 sc_fly_static elementor-widget elementor-widget-heading\" data-id=\"336f7f4\" data-element_type=\"widget\" data-e-type=\"widget\" data-widget_type=\"heading.default\">\n\t\t\t\t\t<span class=\"elementor-heading-title elementor-size-default\">Dr. Ey\u00fcp Halit Yard\u0131mc\u0131 accepts patients at the Marmara University Pendik campus every Tuesday. You can schedule your appointments through the MHRS (182) system.<\/span>\t\t\t\t<\/div>\n\t\t\t\t<div class=\"elementor-element elementor-element-60b8e66 sc_fly_static elementor-widget elementor-widget-heading\" data-id=\"60b8e66\" data-element_type=\"widget\" data-e-type=\"widget\" data-widget_type=\"heading.default\">\n\t\t\t\t\t<span class=\"elementor-heading-title elementor-size-default\">Marmara University Ba\u015f\u0131b\u00fcy\u00fck Campus (Prof. Dr. Asaf Ataseven Hospital)<\/span>\t\t\t\t<\/div>\n\t\t\t\t<div class=\"elementor-element elementor-element-d7a518a sc_fly_static elementor-widget elementor-widget-heading\" data-id=\"d7a518a\" data-element_type=\"widget\" data-e-type=\"widget\" data-widget_type=\"heading.default\">\n\t\t\t\t\t<span class=\"elementor-heading-title elementor-size-default\">THURSDAY: BA\u015eIB\u00dcY\u00dcK CAMPUS<\/span>\t\t\t\t<\/div>\n\t\t\t\t<div class=\"elementor-element elementor-element-6bf9601 sc_fly_static elementor-widget elementor-widget-heading\" data-id=\"6bf9601\" data-element_type=\"widget\" data-e-type=\"widget\" data-widget_type=\"heading.default\">\n\t\t\t\t\t<span class=\"elementor-heading-title elementor-size-default\">Outpatient services are provided at the Ba\u015f\u0131b\u00fcy\u00fck Campus on Thursdays. To avoid confusion, please ensure you are at this location at your appointment time and follow the directions at the hospital entrance.<\/span>\t\t\t\t<\/div>\n\t\t\t\t<div class=\"elementor-element elementor-element-06d428e sc_fly_static elementor-widget elementor-widget-heading\" data-id=\"06d428e\" data-element_type=\"widget\" data-e-type=\"widget\" data-widget_type=\"heading.default\">\n\t\t\t\t\t<span class=\"elementor-heading-title elementor-size-default\">Expertise and Trust in Thoracic Surgery<\/span>\t\t\t\t<\/div>\n\t\t\t\t<div class=\"elementor-element elementor-element-6b562fa sc_fly_static elementor-widget elementor-widget-heading\" data-id=\"6b562fa\" data-element_type=\"widget\" data-e-type=\"widget\" data-widget_type=\"heading.default\">\n\t\t\t\t\t<span class=\"elementor-heading-title elementor-size-default\">After graduating from Ege University Faculty of Medicine, Dr. E. Halit Yard\u0131mc\u0131 completed his residency at Siyami Ersek Hospital. Currently, he continues his surgical work on lung cancer and chest wall diseases at Marmara University.<\/span>\t\t\t\t<\/div>\n\t\t\t\t<div class=\"elementor-element elementor-element-b4e4c72 sc_fly_static elementor-widget elementor-widget-heading\" data-id=\"b4e4c72\" data-element_type=\"widget\" data-e-type=\"widget\" data-widget_type=\"heading.default\">\n\t\t\t\t\t<span class=\"elementor-heading-title elementor-size-default\">Academic studies conducted within Marmara University, combined with extensive clinical experience in the surgical field, create a reliable treatment process for patients.<\/span>\t\t\t\t<\/div>\n\t\t\t\t<div class=\"elementor-element elementor-element-c2f926f sc_fly_static elementor-widget elementor-widget-heading\" data-id=\"c2f926f\" data-element_type=\"widget\" data-e-type=\"widget\" data-widget_type=\"heading.default\">\n\t\t\t\t\t<span class=\"elementor-heading-title elementor-size-default\">SCIENTIFIC SOLUTIONS FOR YOUR LUNG HEALTH <\/span>\t\t\t\t<\/div>\n\t\t\t\t<div class=\"elementor-element elementor-element-749e9d4 sc_fly_static elementor-widget elementor-widget-heading\" data-id=\"749e9d4\" data-element_type=\"widget\" data-e-type=\"widget\" data-widget_type=\"heading.default\">\n\t\t\t\t\t<span class=\"elementor-heading-title elementor-size-default\">Healthy Tomorrows Enlightened by Knowledge<\/span>\t\t\t\t<\/div>\n\t\t\t\t<div class=\"elementor-element elementor-element-c07eb42 sc_fly_static elementor-widget elementor-widget-heading\" data-id=\"c07eb42\" data-element_type=\"widget\" data-e-type=\"widget\" data-widget_type=\"heading.default\">\n\t\t\t\t\t<span class=\"elementor-heading-title elementor-size-default\">High-standard healthcare services are provided for the diagnosis and surgical treatment of lung, mediastinal, and chest wall diseases with a multidisciplinary approach.<\/span>\t\t\t\t<\/div>\n\t\t\t\t<div class=\"elementor-element elementor-element-f5b101a sc_fly_static elementor-widget elementor-widget-heading\" data-id=\"f5b101a\" data-element_type=\"widget\" data-e-type=\"widget\" data-widget_type=\"heading.default\">\n\t\t\t\t\t<span class=\"elementor-heading-title elementor-size-default\">Lung Cancer Surgery (VATS)<\/span>\t\t\t\t<\/div>\n\t\t\t\t<div class=\"elementor-element elementor-element-d5f030b sc_fly_static elementor-widget elementor-widget-heading\" data-id=\"d5f030b\" data-element_type=\"widget\" data-e-type=\"widget\" data-widget_type=\"heading.default\">\n\t\t\t\t\t<span class=\"elementor-heading-title elementor-size-default\">Minimally invasive surgeries performed using closed methods (VATS) ensure less pain and a faster recovery process.<\/span>\t\t\t\t<\/div>\n\t\t\t\t<div class=\"elementor-element elementor-element-4b51930 sc_fly_static elementor-widget elementor-widget-heading\" data-id=\"4b51930\" data-element_type=\"widget\" data-e-type=\"widget\" data-widget_type=\"heading.default\">\n\t\t\t\t\t<span class=\"elementor-heading-title elementor-size-default\">Tracheal (Windpipe) Surgery<\/span>\t\t\t\t<\/div>\n\t\t\t\t<div class=\"elementor-element elementor-element-011fd71 sc_fly_static elementor-widget elementor-widget-heading\" data-id=\"011fd71\" data-element_type=\"widget\" data-e-type=\"widget\" data-widget_type=\"heading.default\">\n\t\t\t\t\t<span class=\"elementor-heading-title elementor-size-default\">Advanced surgical solutions applied for tracheal stenosis, injuries, and tumors.<\/span>\t\t\t\t<\/div>\n\t\t\t\t<div class=\"elementor-element elementor-element-9e6d1c3 sc_fly_static elementor-widget elementor-widget-heading\" data-id=\"9e6d1c3\" data-element_type=\"widget\" data-e-type=\"widget\" data-widget_type=\"heading.default\">\n\t\t\t\t\t<span class=\"elementor-heading-title elementor-size-default\">Mediastinal Surgery<\/span>\t\t\t\t<\/div>\n\t\t\t\t<div class=\"elementor-element elementor-element-1c8b6af sc_fly_static elementor-widget elementor-widget-heading\" data-id=\"1c8b6af\" data-element_type=\"widget\" data-e-type=\"widget\" data-widget_type=\"heading.default\">\n\t\t\t\t\t<span class=\"elementor-heading-title elementor-size-default\">Expert surgical approach for tumors located in the chest cavity, such as thymoma and thymus gland diseases.<\/span>\t\t\t\t<\/div>\n\t\t\t\t<div class=\"elementor-element elementor-element-c6dc337 sc_fly_static elementor-widget elementor-widget-heading\" data-id=\"c6dc337\" data-element_type=\"widget\" data-e-type=\"widget\" data-widget_type=\"heading.default\">\n\t\t\t\t\t<span class=\"elementor-heading-title elementor-size-default\">Pleural Diseases<\/span>\t\t\t\t<\/div>\n\t\t\t\t<div class=\"elementor-element elementor-element-2aa2250 sc_fly_static elementor-widget elementor-widget-heading\" data-id=\"2aa2250\" data-element_type=\"widget\" data-e-type=\"widget\" data-widget_type=\"heading.default\">\n\t\t\t\t\t<span class=\"elementor-heading-title elementor-size-default\">Diagnosis and treatment of pneumothorax (collapsed lung), pleural effusion, and infections.<\/span>\t\t\t\t<\/div>\n\t\t\t\t<div class=\"elementor-element elementor-element-481865c sc_fly_static elementor-widget elementor-widget-heading\" data-id=\"481865c\" data-element_type=\"widget\" data-e-type=\"widget\" data-widget_type=\"heading.default\">\n\t\t\t\t\t<span class=\"elementor-heading-title elementor-size-default\">Towards brighter tomorrows with a rational vision...<\/span>\t\t\t\t<\/div>\n\t\t\t\t<div class=\"elementor-element elementor-element-12c0e47 sc_fly_static elementor-widget elementor-widget-heading\" data-id=\"12c0e47\" data-element_type=\"widget\" data-e-type=\"widget\" data-widget_type=\"heading.default\">\n\t\t\t\t\t<span class=\"elementor-heading-title elementor-size-default\">You can access his publications contributing to international literature via his academic profiles.<\/span>\t\t\t\t<\/div>\n\t\t\t\t\t<\/div>\n\t\t<\/div>\n\t\t\t\t\t<\/div>\n\t\t<\/section>\n\t\t\t\t<\/div>","protected":false},"excerpt":{"rendered":"<p>Gizlilik Politikas\u0131Y\u00fcr\u00fcrl\u00fck Tarihi: 15 \u015eubat 2026 Bu Gizlilik Politikas\u0131, web sitemizi ziyaret etti\u011finizde ki\u015fisel bilgilerinizin nas\u0131l topland\u0131\u011f\u0131n\u0131 ve kullan\u0131ld\u0131\u011f\u0131n\u0131 a\u00e7\u0131klamaktad\u0131r. 1. Toplanan BilgilerBu web sitesi statik bir bilgilendirme sitesidir; herhangi&hellip;<\/p>","protected":false},"author":1,"featured_media":0,"parent":0,"menu_order":0,"comment_status":"closed","ping_status":"closed","template":"","meta":{"footnotes":""},"class_list":["post-12954","page","type-page","status-publish","hentry"],"yoast_head":"<!-- This site is optimized with the Yoast SEO plugin v27.0 - https:\/\/yoast.com\/product\/yoast-seo-wordpress\/ -->\n<title>Privacy Policy - Dr. Ey\u00fcp Halit Yard\u0131mc\u0131<\/title>\n<meta name=\"robots\" content=\"index, follow, max-snippet:-1, max-image-preview:large, max-video-preview:-1\" \/>\n<link rel=\"canonical\" href=\"https:\/\/halityardimci.com\/en\/gizlilik-politikasi\/\" \/>\n<meta property=\"og:locale\" content=\"en_US\" \/>\n<meta property=\"og:type\" content=\"article\" \/>\n<meta property=\"og:title\" content=\"Privacy Policy - Dr. Ey\u00fcp Halit Yard\u0131mc\u0131\" \/>\n<meta property=\"og:description\" content=\"Gizlilik Politikas\u0131Y\u00fcr\u00fcrl\u00fck Tarihi: 15 \u015eubat 2026 Bu Gizlilik Politikas\u0131, web sitemizi ziyaret etti\u011finizde ki\u015fisel bilgilerinizin nas\u0131l topland\u0131\u011f\u0131n\u0131 ve kullan\u0131ld\u0131\u011f\u0131n\u0131 a\u00e7\u0131klamaktad\u0131r. 1. Toplanan BilgilerBu web sitesi statik bir bilgilendirme sitesidir; herhangi&hellip;\" \/>\n<meta property=\"og:url\" content=\"https:\/\/halityardimci.com\/en\/gizlilik-politikasi\/\" \/>\n<meta property=\"og:site_name\" content=\"Dr. Ey\u00fcp Halit Yard\u0131mc\u0131\" \/>\n<meta property=\"article:modified_time\" content=\"2026-02-22T10:03:16+00:00\" \/>\n<meta name=\"twitter:card\" content=\"summary_large_image\" \/>\n<meta name=\"twitter:label1\" content=\"Est. reading time\" \/>\n\t<meta name=\"twitter:data1\" content=\"4 minutes\" \/>\n<script type=\"application\/ld+json\" class=\"yoast-schema-graph\">{\"@context\":\"https:\/\/schema.org\",\"@graph\":[{\"@type\":\"WebPage\",\"@id\":\"https:\/\/halityardimci.com\/gizlilik-politikasi\/\",\"url\":\"https:\/\/halityardimci.com\/gizlilik-politikasi\/\",\"name\":\"Privacy Policy - Dr. Ey\u00fcp Halit Yard\u0131mc\u0131\",\"isPartOf\":{\"@id\":\"https:\/\/halityardimci.com\/#website\"},\"datePublished\":\"2024-08-27T08:23:10+00:00\",\"dateModified\":\"2026-02-22T10:03:16+00:00\",\"breadcrumb\":{\"@id\":\"https:\/\/halityardimci.com\/gizlilik-politikasi\/#breadcrumb\"},\"inLanguage\":\"en-US\",\"potentialAction\":[{\"@type\":\"ReadAction\",\"target\":[\"https:\/\/halityardimci.com\/gizlilik-politikasi\/\"]}]},{\"@type\":\"BreadcrumbList\",\"@id\":\"https:\/\/halityardimci.com\/gizlilik-politikasi\/#breadcrumb\",\"itemListElement\":[{\"@type\":\"ListItem\",\"position\":1,\"name\":\"Anasayfa\",\"item\":\"https:\/\/halityardimci.com\/\"},{\"@type\":\"ListItem\",\"position\":2,\"name\":\"Privacy Policy\"}]},{\"@type\":\"WebSite\",\"@id\":\"https:\/\/halityardimci.com\/#website\",\"url\":\"https:\/\/halityardimci.com\/\",\"name\":\"Dr. Ey\u00fcp Halit Yard\u0131mc\u0131\",\"description\":\"\",\"publisher\":{\"@id\":\"https:\/\/halityardimci.com\/#organization\"},\"potentialAction\":[{\"@type\":\"SearchAction\",\"target\":{\"@type\":\"EntryPoint\",\"urlTemplate\":\"https:\/\/halityardimci.com\/?s={search_term_string}\"},\"query-input\":{\"@type\":\"PropertyValueSpecification\",\"valueRequired\":true,\"valueName\":\"search_term_string\"}}],\"inLanguage\":\"en-US\"},{\"@type\":\"Organization\",\"@id\":\"https:\/\/halityardimci.com\/#organization\",\"name\":\"Dr. Ey\u00fcp Halit Yard\u0131mc\u0131\",\"url\":\"https:\/\/halityardimci.com\/\",\"logo\":{\"@type\":\"ImageObject\",\"inLanguage\":\"en-US\",\"@id\":\"https:\/\/halityardimci.com\/#\/schema\/logo\/image\/\",\"url\":\"https:\/\/halityardimci.com\/wp-content\/uploads\/2026\/02\/logo-beyaz-halit.png\",\"contentUrl\":\"https:\/\/halityardimci.com\/wp-content\/uploads\/2026\/02\/logo-beyaz-halit.png\",\"width\":500,\"height\":500,\"caption\":\"Dr. Ey\u00fcp Halit Yard\u0131mc\u0131\"},\"image\":{\"@id\":\"https:\/\/halityardimci.com\/#\/schema\/logo\/image\/\"}}]}<\/script>\n<!-- \/ Yoast SEO plugin. -->","yoast_head_json":{"title":"Privacy Policy - Dr. Ey\u00fcp Halit Yard\u0131mc\u0131","robots":{"index":"index","follow":"follow","max-snippet":"max-snippet:-1","max-image-preview":"max-image-preview:large","max-video-preview":"max-video-preview:-1"},"canonical":"https:\/\/halityardimci.com\/en\/gizlilik-politikasi\/","og_locale":"en_US","og_type":"article","og_title":"Privacy Policy - Dr. Ey\u00fcp Halit Yard\u0131mc\u0131","og_description":"Gizlilik Politikas\u0131Y\u00fcr\u00fcrl\u00fck Tarihi: 15 \u015eubat 2026 Bu Gizlilik Politikas\u0131, web sitemizi ziyaret etti\u011finizde ki\u015fisel bilgilerinizin nas\u0131l topland\u0131\u011f\u0131n\u0131 ve kullan\u0131ld\u0131\u011f\u0131n\u0131 a\u00e7\u0131klamaktad\u0131r. 1. Toplanan BilgilerBu web sitesi statik bir bilgilendirme sitesidir; herhangi&hellip;","og_url":"https:\/\/halityardimci.com\/en\/gizlilik-politikasi\/","og_site_name":"Dr. Ey\u00fcp Halit Yard\u0131mc\u0131","article_modified_time":"2026-02-22T10:03:16+00:00","twitter_card":"summary_large_image","twitter_misc":{"Est. reading time":"4 minutes"},"schema":{"@context":"https:\/\/schema.org","@graph":[{"@type":"WebPage","@id":"https:\/\/halityardimci.com\/gizlilik-politikasi\/","url":"https:\/\/halityardimci.com\/gizlilik-politikasi\/","name":"Privacy Policy - Dr. Ey\u00fcp Halit Yard\u0131mc\u0131","isPartOf":{"@id":"https:\/\/halityardimci.com\/#website"},"datePublished":"2024-08-27T08:23:10+00:00","dateModified":"2026-02-22T10:03:16+00:00","breadcrumb":{"@id":"https:\/\/halityardimci.com\/gizlilik-politikasi\/#breadcrumb"},"inLanguage":"en-US","potentialAction":[{"@type":"ReadAction","target":["https:\/\/halityardimci.com\/gizlilik-politikasi\/"]}]},{"@type":"BreadcrumbList","@id":"https:\/\/halityardimci.com\/gizlilik-politikasi\/#breadcrumb","itemListElement":[{"@type":"ListItem","position":1,"name":"Anasayfa","item":"https:\/\/halityardimci.com\/"},{"@type":"ListItem","position":2,"name":"Privacy Policy"}]},{"@type":"WebSite","@id":"https:\/\/halityardimci.com\/#website","url":"https:\/\/halityardimci.com\/","name":"Dr. Ey\u00fcp Halit Yard\u0131mc\u0131","description":"","publisher":{"@id":"https:\/\/halityardimci.com\/#organization"},"potentialAction":[{"@type":"SearchAction","target":{"@type":"EntryPoint","urlTemplate":"https:\/\/halityardimci.com\/?s={search_term_string}"},"query-input":{"@type":"PropertyValueSpecification","valueRequired":true,"valueName":"search_term_string"}}],"inLanguage":"en-US"},{"@type":"Organization","@id":"https:\/\/halityardimci.com\/#organization","name":"Dr. Ey\u00fcp Halit Yard\u0131mc\u0131","url":"https:\/\/halityardimci.com\/","logo":{"@type":"ImageObject","inLanguage":"en-US","@id":"https:\/\/halityardimci.com\/#\/schema\/logo\/image\/","url":"https:\/\/halityardimci.com\/wp-content\/uploads\/2026\/02\/logo-beyaz-halit.png","contentUrl":"https:\/\/halityardimci.com\/wp-content\/uploads\/2026\/02\/logo-beyaz-halit.png","width":500,"height":500,"caption":"Dr. Ey\u00fcp Halit Yard\u0131mc\u0131"},"image":{"@id":"https:\/\/halityardimci.com\/#\/schema\/logo\/image\/"}}]}},"_links":{"self":[{"href":"https:\/\/halityardimci.com\/en\/wp-json\/wp\/v2\/pages\/12954","targetHints":{"allow":["GET"]}}],"collection":[{"href":"https:\/\/halityardimci.com\/en\/wp-json\/wp\/v2\/pages"}],"about":[{"href":"https:\/\/halityardimci.com\/en\/wp-json\/wp\/v2\/types\/page"}],"author":[{"embeddable":true,"href":"https:\/\/halityardimci.com\/en\/wp-json\/wp\/v2\/users\/1"}],"replies":[{"embeddable":true,"href":"https:\/\/halityardimci.com\/en\/wp-json\/wp\/v2\/comments?post=12954"}],"version-history":[{"count":18,"href":"https:\/\/halityardimci.com\/en\/wp-json\/wp\/v2\/pages\/12954\/revisions"}],"predecessor-version":[{"id":69434,"href":"https:\/\/halityardimci.com\/en\/wp-json\/wp\/v2\/pages\/12954\/revisions\/69434"}],"wp:attachment":[{"href":"https:\/\/halityardimci.com\/en\/wp-json\/wp\/v2\/media?parent=12954"}],"curies":[{"name":"wp","href":"https:\/\/api.w.org\/{rel}","templated":true}]}}