{"id":1453,"date":"2024-08-30T11:12:41","date_gmt":"2024-08-30T11:12:41","guid":{"rendered":"http:\/\/itech.dv.ancorathemes.com\/?page_id=1453"},"modified":"2026-02-26T00:30:07","modified_gmt":"2026-02-25T21:30:07","slug":"iletisim","status":"publish","type":"page","link":"https:\/\/halityardimci.com\/en\/iletisim\/","title":{"rendered":"Contact"},"content":{"rendered":"<div data-elementor-type=\"wp-page\" data-elementor-id=\"1453\" class=\"elementor elementor-1453\">\n\t\t\t\t\t\t<section class=\"elementor-section elementor-top-section elementor-element elementor-element-e9703c3 elementor-section-boxed elementor-section-height-default elementor-section-height-default sc_fly_static\" data-id=\"e9703c3\" data-element_type=\"section\" data-e-type=\"section\">\n\t\t\t\t\t\t<div class=\"elementor-container elementor-column-gap-extended\">\n\t\t\t\t\t<div class=\"elementor-column elementor-col-100 elementor-top-column elementor-element elementor-element-6c7ef0e sc_content_align_inherit sc_layouts_column_icons_position_left sc_fly_static\" data-id=\"6c7ef0e\" data-element_type=\"column\" data-e-type=\"column\">\n\t\t\t<div class=\"elementor-widget-wrap elementor-element-populated\">\n\t\t\t\t\t\t<div class=\"elementor-element elementor-element-59f3532 sc_height_huge sc_fly_static elementor-widget elementor-widget-spacer\" data-id=\"59f3532\" data-element_type=\"widget\" data-e-type=\"widget\" data-widget_type=\"spacer.default\">\n\t\t\t\t\t\t\t<div class=\"elementor-spacer\">\n\t\t\t<div class=\"elementor-spacer-inner\"><\/div>\n\t\t<\/div>\n\t\t\t\t\t\t<\/div>\n\t\t\t\t<div class=\"elementor-element elementor-element-c3031bf sc_fly_static elementor-widget elementor-widget-spacer\" data-id=\"c3031bf\" data-element_type=\"widget\" data-e-type=\"widget\" data-widget_type=\"spacer.default\">\n\t\t\t\t\t\t\t<div class=\"elementor-spacer\">\n\t\t\t<div class=\"elementor-spacer-inner\"><\/div>\n\t\t<\/div>\n\t\t\t\t\t\t<\/div>\n\t\t\t\t\t<\/div>\n\t\t<\/div>\n\t\t\t\t\t<\/div>\n\t\t<\/section>\n\t\t\t\t<section class=\"elementor-section elementor-top-section elementor-element elementor-element-394dbbd elementor-section-content-middle elementor-section-boxed elementor-section-height-default elementor-section-height-default sc_fly_static\" data-id=\"394dbbd\" data-element_type=\"section\" data-e-type=\"section\">\n\t\t\t\t\t\t<div class=\"elementor-container elementor-column-gap-wide\">\n\t\t\t\t\t<div class=\"elementor-column elementor-col-50 elementor-top-column elementor-element elementor-element-95d3f91 sc_inner_width_1_1 sc-mobile_inner_width_none sc_content_align_inherit sc_layouts_column_icons_position_left sc_fly_static\" data-id=\"95d3f91\" data-element_type=\"column\" data-e-type=\"column\">\n\t\t\t<div class=\"elementor-widget-wrap elementor-element-populated\">\n\t\t\t\t\t\t<div class=\"elementor-element elementor-element-515545e sc_fly_static elementor-widget elementor-widget-google_maps\" data-id=\"515545e\" data-element_type=\"widget\" data-e-type=\"widget\" data-widget_type=\"google_maps.default\">\n\t\t\t\t\t\t\t<div class=\"elementor-custom-embed\">\n\t\t\t<iframe loading=\"lazy\"\n\t\t\t\t\tsrc=\"https:\/\/maps.google.com\/maps?q=marmara%20%C3%BCniversitesi%20ba%C5%9F%C4%B1b%C3%BCy%C3%BCk&#038;t=m&#038;z=10&#038;output=embed&#038;iwloc=near\"\n\t\t\t\t\ttitle=\"marmara \u00fcniversitesi ba\u015f\u0131b\u00fcy\u00fck\"\n\t\t\t\t\taria-label=\"marmara \u00fcniversitesi ba\u015f\u0131b\u00fcy\u00fck\"\n\t\t\t><\/iframe>\n\t\t<\/div>\n\t\t\t\t\t\t<\/div>\n\t\t\t\t\t<\/div>\n\t\t<\/div>\n\t\t\t\t<div class=\"elementor-column elementor-col-50 elementor-top-column elementor-element elementor-element-fdda769 sc_inner_width_none sc_content_align_inherit sc_layouts_column_icons_position_left sc_fly_static\" data-id=\"fdda769\" data-element_type=\"column\" data-e-type=\"column\">\n\t\t\t<div class=\"elementor-widget-wrap elementor-element-populated\">\n\t\t\t\t\t\t<div class=\"elementor-element elementor-element-6e487f7 sc_fly_static elementor-widget elementor-widget-trx_sc_title\" data-id=\"6e487f7\" data-element_type=\"widget\" data-e-type=\"widget\" data-widget_type=\"trx_sc_title.default\">\n\t\t\t\t<div class=\"elementor-widget-container\">\n\t\t\t\t\t<div\t\tclass=\"sc_title sc_title_default\" ><h4 class=\"sc_item_title sc_title_title sc_item_title_style_default sc_item_title_tag\"\n\t\t\t><span class=\"sc_item_title_text\">Contact Details<\/span><\/h4><\/div>\t\t\t\t<\/div>\n\t\t\t\t<\/div>\n\t\t\t\t<div class=\"elementor-element elementor-element-08964ec sc_fly_static elementor-widget elementor-widget-spacer\" data-id=\"08964ec\" data-element_type=\"widget\" data-e-type=\"widget\" data-widget_type=\"spacer.default\">\n\t\t\t\t\t\t\t<div class=\"elementor-spacer\">\n\t\t\t<div class=\"elementor-spacer-inner\"><\/div>\n\t\t<\/div>\n\t\t\t\t\t\t<\/div>\n\t\t\t\t<div class=\"elementor-element elementor-element-7d9cb9b elementor-widget__width-initial sc_fly_static elementor-widget elementor-widget-trx_sc_icons\" data-id=\"7d9cb9b\" data-element_type=\"widget\" data-e-type=\"widget\" data-widget_type=\"trx_sc_icons.default\">\n\t\t\t\t<div class=\"elementor-widget-container\">\n\t\t\t\t\t<div \tclass=\"sc_icons color_style_link2 sc_icons_simple sc_icons_size_small sc_align_none\" ><div class=\"sc_icons_item with_more\"><div class=\"sc_icons_icon sc_icon_type_ icon-location\" ><span class=\"sc_icon_type_ icon-location\"><\/span><\/div><div class=\"sc_icons_item_details\"><div class=\"sc_icons_item_description\"><span>Marmara \u00dcniversitesi, Marmara E\u011fitim ve Ara\u015ft\u0131rma Hastanesi Prof. Dr. Asaf Ataseven Ek Hizmet Binas\u0131, Ba\u015f\u0131b\u00fcy\u00fck<\/span><span><\/span><span>Ba\u015f\u0131b\u00fcy\u00fck, T\u0131p Fak\u00fcltesi, 34854 Maltepe\/\u0130stanbul<\/span><\/div><\/div><\/div><div class=\"sc_icons_item\"><div class=\"sc_icons_icon sc_icon_type_ icon-mail\" ><span class=\"sc_icon_type_ icon-mail\"><\/span><\/div><div class=\"sc_icons_item_details\"><div class=\"sc_icons_item_description\"><span><a href=\"mailto:halit.yardimci@marmara.edu.tr\">halit.yardimci@marmara.edu.tr<\/a><\/span><\/div><\/div><\/div><\/div><!-- \/.sc_icons -->\t\t\t\t<\/div>\n\t\t\t\t<\/div>\n\t\t\t\t<div class=\"elementor-element elementor-element-55216c4 sc_fly_static elementor-widget elementor-widget-spacer\" data-id=\"55216c4\" data-element_type=\"widget\" data-e-type=\"widget\" data-widget_type=\"spacer.default\">\n\t\t\t\t\t\t\t<div class=\"elementor-spacer\">\n\t\t\t<div class=\"elementor-spacer-inner\"><\/div>\n\t\t<\/div>\n\t\t\t\t\t\t<\/div>\n\t\t\t\t<div class=\"elementor-element elementor-element-d3febc1 sc_fly_static elementor-widget elementor-widget-trx_sc_socials\" data-id=\"d3febc1\" data-element_type=\"widget\" data-e-type=\"widget\" data-widget_type=\"trx_sc_socials.default\">\n\t\t\t\t<div class=\"elementor-widget-container\">\n\t\t\t\t\t<div  \n\t\tclass=\"sc_socials sc_socials_default sc_align_none\" ><div class=\"socials_wrap sc_item_content\"><a target=\"_blank\" rel=\"nofollow\" href=\"https:\/\/www.linkedin.com\/in\/ey%C3%BCp-halit-yard%C4%B1mc%C4%B1-395900169\/\" class=\"social_item social_item_style_icons sc_icon_type_icons social_item_type_icons\"><span class=\"social_icon social_icon_linkedin\" style=\"\"><span class=\"screen-reader-text\">linkedin<\/span><span class=\"icon-linkedin\"><\/span><\/span><\/a><a target=\"_blank\" rel=\"nofollow\" href=\"https:\/\/orcid.org\/0000-0002-3848-3605\" class=\"social_item social_item_style_icons sc_icon_type_icons social_item_type_icons\"><span class=\"social_icon social_icon_book-open\" style=\"\"><span class=\"screen-reader-text\">book-open<\/span><span class=\"icon-book-open\"><\/span><\/span><\/a><a target=\"_blank\" rel=\"nofollow\" href=\"https:\/\/scholar.google.com.tr\/citations?user=8eWkfJ0AAAAJ\" class=\"social_item social_item_style_icons sc_icon_type_icons social_item_type_icons\"><span class=\"social_icon social_icon_google\" style=\"\"><span class=\"screen-reader-text\">google<\/span><span class=\"icon-google\"><\/span><\/span><\/a><a target=\"_blank\" rel=\"nofollow\" href=\"https:\/\/avesis.marmara.edu.tr\/15803\" class=\"social_item social_item_style_icons sc_icon_type_icons social_item_type_icons\"><span class=\"social_icon social_icon_vcard\" style=\"\"><span class=\"screen-reader-text\">vcard<\/span><span class=\"icon-vcard\"><\/span><\/span><\/a><\/div><\/div>\t\t\t\t<\/div>\n\t\t\t\t<\/div>\n\t\t\t\t<div class=\"elementor-element elementor-element-05b1773 sc_height_small sc_layouts_hide_on_wide sc_layouts_hide_on_desktop sc_layouts_hide_on_notebook sc_layouts_hide_on_tablet sc_fly_static elementor-widget elementor-widget-spacer\" data-id=\"05b1773\" data-element_type=\"widget\" data-e-type=\"widget\" data-widget_type=\"spacer.default\">\n\t\t\t\t\t\t\t<div class=\"elementor-spacer\">\n\t\t\t<div class=\"elementor-spacer-inner\"><\/div>\n\t\t<\/div>\n\t\t\t\t\t\t<\/div>\n\t\t\t\t\t<\/div>\n\t\t<\/div>\n\t\t\t\t\t<\/div>\n\t\t<\/section>\n\t\t\t\t<section class=\"elementor-section elementor-top-section elementor-element elementor-element-a2d9eeb elementor-section-boxed elementor-section-height-default elementor-section-height-default sc_fly_static\" data-id=\"a2d9eeb\" data-element_type=\"section\" data-e-type=\"section\">\n\t\t\t\t\t\t<div class=\"elementor-container elementor-column-gap-extended\">\n\t\t\t\t\t<div class=\"elementor-column elementor-col-100 elementor-top-column elementor-element elementor-element-9bfdd29 sc_content_align_inherit sc_layouts_column_icons_position_left sc_fly_static\" data-id=\"9bfdd29\" data-element_type=\"column\" data-e-type=\"column\">\n\t\t\t<div class=\"elementor-widget-wrap elementor-element-populated\">\n\t\t\t\t\t\t<div class=\"elementor-element elementor-element-e171dde sc_height_huge sc_fly_static elementor-widget elementor-widget-spacer\" data-id=\"e171dde\" data-element_type=\"widget\" data-e-type=\"widget\" data-widget_type=\"spacer.default\">\n\t\t\t\t\t\t\t<div class=\"elementor-spacer\">\n\t\t\t<div class=\"elementor-spacer-inner\"><\/div>\n\t\t<\/div>\n\t\t\t\t\t\t<\/div>\n\t\t\t\t<div class=\"elementor-element elementor-element-3429643 sc_fly_static elementor-widget elementor-widget-spacer\" data-id=\"3429643\" data-element_type=\"widget\" data-e-type=\"widget\" data-widget_type=\"spacer.default\">\n\t\t\t\t\t\t\t<div class=\"elementor-spacer\">\n\t\t\t<div class=\"elementor-spacer-inner\"><\/div>\n\t\t<\/div>\n\t\t\t\t\t\t<\/div>\n\t\t\t\t\t<\/div>\n\t\t<\/div>\n\t\t\t\t\t<\/div>\n\t\t<\/section>\n\t\t\t\t<section class=\"elementor-section elementor-top-section elementor-element elementor-element-cff2171 elementor-section-boxed elementor-section-height-default elementor-section-height-default sc_fly_static\" data-id=\"cff2171\" data-element_type=\"section\" data-e-type=\"section\">\n\t\t\t\t\t\t<div class=\"elementor-container elementor-column-gap-extended\">\n\t\t\t\t\t<div class=\"elementor-column elementor-col-100 elementor-top-column elementor-element elementor-element-3e94d3b sc_content_align_inherit sc_layouts_column_icons_position_left sc_fly_static\" data-id=\"3e94d3b\" data-element_type=\"column\" data-e-type=\"column\">\n\t\t\t<div class=\"elementor-widget-wrap\">\n\t\t\t\t\t\t\t<\/div>\n\t\t<\/div>\n\t\t\t\t\t<\/div>\n\t\t<\/section>\n\t\t\t\t<\/div>","protected":false},"excerpt":{"rendered":"<p>\u0130leti\u015fim Detaylar\u0131 Marmara \u00dcniversitesi, Marmara E\u011fitim ve Ara\u015ft\u0131rma Hastanesi Prof. Dr. Asaf Ataseven Ek Hizmet Binas\u0131, Ba\u015f\u0131b\u00fcy\u00fckBa\u015f\u0131b\u00fcy\u00fck, T\u0131p Fak\u00fcltesi, 34854 Maltepe\/\u0130stanbulhalit.yardimci@marmara.edu.tr linkedinbook-opengooglevcard<\/p>","protected":false},"author":1,"featured_media":0,"parent":0,"menu_order":0,"comment_status":"closed","ping_status":"closed","template":"","meta":{"footnotes":""},"class_list":["post-1453","page","type-page","status-publish","hentry"],"yoast_head":"<!-- This site is optimized with the Yoast SEO plugin v27.0 - https:\/\/yoast.com\/product\/yoast-seo-wordpress\/ -->\n<title>\u0130leti\u015fim - Dr. Ey\u00fcp Halit Yard\u0131mc\u0131<\/title>\n<meta name=\"description\" content=\"Dr. Ey\u00fcp Halit Yard\u0131mc\u0131 ile ileti\u015fime ge\u00e7in, randevu al\u0131n ve g\u00f6\u011f\u00fcs cerrahisi hakk\u0131nda bilgi i\u00e7in e-posta ve akademik ba\u011flant\u0131lar\u0131na ula\u015f\u0131n.\" \/>\n<meta name=\"robots\" content=\"index, follow, max-snippet:-1, max-image-preview:large, max-video-preview:-1\" \/>\n<link rel=\"canonical\" href=\"https:\/\/halityardimci.com\/en\/iletisim\/\" \/>\n<meta property=\"og:locale\" content=\"en_US\" \/>\n<meta property=\"og:type\" content=\"article\" \/>\n<meta property=\"og:title\" content=\"\u0130leti\u015fim - Dr. Ey\u00fcp Halit Yard\u0131mc\u0131\" \/>\n<meta property=\"og:description\" content=\"Dr. Ey\u00fcp Halit Yard\u0131mc\u0131 ile ileti\u015fime ge\u00e7in, randevu al\u0131n ve g\u00f6\u011f\u00fcs cerrahisi hakk\u0131nda bilgi i\u00e7in e-posta ve akademik ba\u011flant\u0131lar\u0131na ula\u015f\u0131n.\" \/>\n<meta property=\"og:url\" content=\"https:\/\/halityardimci.com\/en\/iletisim\/\" \/>\n<meta property=\"og:site_name\" content=\"Dr. Ey\u00fcp Halit Yard\u0131mc\u0131\" \/>\n<meta property=\"article:modified_time\" content=\"2026-02-25T21:30:07+00:00\" \/>\n<meta name=\"twitter:card\" content=\"summary_large_image\" \/>\n<meta name=\"twitter:label1\" content=\"Est. reading time\" \/>\n\t<meta name=\"twitter:data1\" content=\"1 minute\" \/>\n<script type=\"application\/ld+json\" class=\"yoast-schema-graph\">{\"@context\":\"https:\/\/schema.org\",\"@graph\":[{\"@type\":\"WebPage\",\"@id\":\"https:\/\/halityardimci.com\/iletisim\/\",\"url\":\"https:\/\/halityardimci.com\/iletisim\/\",\"name\":\"\u0130leti\u015fim - Dr. Ey\u00fcp Halit Yard\u0131mc\u0131\",\"isPartOf\":{\"@id\":\"https:\/\/halityardimci.com\/#website\"},\"datePublished\":\"2024-08-30T11:12:41+00:00\",\"dateModified\":\"2026-02-25T21:30:07+00:00\",\"description\":\"Dr. Ey\u00fcp Halit Yard\u0131mc\u0131 ile ileti\u015fime ge\u00e7in, randevu al\u0131n ve g\u00f6\u011f\u00fcs cerrahisi hakk\u0131nda bilgi i\u00e7in e-posta ve akademik ba\u011flant\u0131lar\u0131na ula\u015f\u0131n.\",\"breadcrumb\":{\"@id\":\"https:\/\/halityardimci.com\/iletisim\/#breadcrumb\"},\"inLanguage\":\"en-US\",\"potentialAction\":[{\"@type\":\"ReadAction\",\"target\":[\"https:\/\/halityardimci.com\/iletisim\/\"]}]},{\"@type\":\"BreadcrumbList\",\"@id\":\"https:\/\/halityardimci.com\/iletisim\/#breadcrumb\",\"itemListElement\":[{\"@type\":\"ListItem\",\"position\":1,\"name\":\"Anasayfa\",\"item\":\"https:\/\/halityardimci.com\/\"},{\"@type\":\"ListItem\",\"position\":2,\"name\":\"\u0130leti\u015fim\"}]},{\"@type\":\"WebSite\",\"@id\":\"https:\/\/halityardimci.com\/#website\",\"url\":\"https:\/\/halityardimci.com\/\",\"name\":\"Dr. Ey\u00fcp Halit Yard\u0131mc\u0131\",\"description\":\"\",\"publisher\":{\"@id\":\"https:\/\/halityardimci.com\/#organization\"},\"potentialAction\":[{\"@type\":\"SearchAction\",\"target\":{\"@type\":\"EntryPoint\",\"urlTemplate\":\"https:\/\/halityardimci.com\/?s={search_term_string}\"},\"query-input\":{\"@type\":\"PropertyValueSpecification\",\"valueRequired\":true,\"valueName\":\"search_term_string\"}}],\"inLanguage\":\"en-US\"},{\"@type\":\"Organization\",\"@id\":\"https:\/\/halityardimci.com\/#organization\",\"name\":\"Dr. Ey\u00fcp Halit Yard\u0131mc\u0131\",\"url\":\"https:\/\/halityardimci.com\/\",\"logo\":{\"@type\":\"ImageObject\",\"inLanguage\":\"en-US\",\"@id\":\"https:\/\/halityardimci.com\/#\/schema\/logo\/image\/\",\"url\":\"https:\/\/halityardimci.com\/wp-content\/uploads\/2026\/02\/logo-beyaz-halit.png\",\"contentUrl\":\"https:\/\/halityardimci.com\/wp-content\/uploads\/2026\/02\/logo-beyaz-halit.png\",\"width\":500,\"height\":500,\"caption\":\"Dr. Ey\u00fcp Halit Yard\u0131mc\u0131\"},\"image\":{\"@id\":\"https:\/\/halityardimci.com\/#\/schema\/logo\/image\/\"}}]}<\/script>\n<!-- \/ Yoast SEO plugin. -->","yoast_head_json":{"title":"\u0130leti\u015fim - Dr. Ey\u00fcp Halit Yard\u0131mc\u0131","description":"Dr. Ey\u00fcp Halit Yard\u0131mc\u0131 ile ileti\u015fime ge\u00e7in, randevu al\u0131n ve g\u00f6\u011f\u00fcs cerrahisi hakk\u0131nda bilgi i\u00e7in e-posta ve akademik ba\u011flant\u0131lar\u0131na ula\u015f\u0131n.","robots":{"index":"index","follow":"follow","max-snippet":"max-snippet:-1","max-image-preview":"max-image-preview:large","max-video-preview":"max-video-preview:-1"},"canonical":"https:\/\/halityardimci.com\/en\/iletisim\/","og_locale":"en_US","og_type":"article","og_title":"\u0130leti\u015fim - Dr. Ey\u00fcp Halit Yard\u0131mc\u0131","og_description":"Dr. Ey\u00fcp Halit Yard\u0131mc\u0131 ile ileti\u015fime ge\u00e7in, randevu al\u0131n ve g\u00f6\u011f\u00fcs cerrahisi hakk\u0131nda bilgi i\u00e7in e-posta ve akademik ba\u011flant\u0131lar\u0131na ula\u015f\u0131n.","og_url":"https:\/\/halityardimci.com\/en\/iletisim\/","og_site_name":"Dr. Ey\u00fcp Halit Yard\u0131mc\u0131","article_modified_time":"2026-02-25T21:30:07+00:00","twitter_card":"summary_large_image","twitter_misc":{"Est. reading time":"1 minute"},"schema":{"@context":"https:\/\/schema.org","@graph":[{"@type":"WebPage","@id":"https:\/\/halityardimci.com\/iletisim\/","url":"https:\/\/halityardimci.com\/iletisim\/","name":"\u0130leti\u015fim - Dr. Ey\u00fcp Halit Yard\u0131mc\u0131","isPartOf":{"@id":"https:\/\/halityardimci.com\/#website"},"datePublished":"2024-08-30T11:12:41+00:00","dateModified":"2026-02-25T21:30:07+00:00","description":"Dr. Ey\u00fcp Halit Yard\u0131mc\u0131 ile ileti\u015fime ge\u00e7in, randevu al\u0131n ve g\u00f6\u011f\u00fcs cerrahisi hakk\u0131nda bilgi i\u00e7in e-posta ve akademik ba\u011flant\u0131lar\u0131na ula\u015f\u0131n.","breadcrumb":{"@id":"https:\/\/halityardimci.com\/iletisim\/#breadcrumb"},"inLanguage":"en-US","potentialAction":[{"@type":"ReadAction","target":["https:\/\/halityardimci.com\/iletisim\/"]}]},{"@type":"BreadcrumbList","@id":"https:\/\/halityardimci.com\/iletisim\/#breadcrumb","itemListElement":[{"@type":"ListItem","position":1,"name":"Anasayfa","item":"https:\/\/halityardimci.com\/"},{"@type":"ListItem","position":2,"name":"\u0130leti\u015fim"}]},{"@type":"WebSite","@id":"https:\/\/halityardimci.com\/#website","url":"https:\/\/halityardimci.com\/","name":"Dr. Ey\u00fcp Halit Yard\u0131mc\u0131","description":"","publisher":{"@id":"https:\/\/halityardimci.com\/#organization"},"potentialAction":[{"@type":"SearchAction","target":{"@type":"EntryPoint","urlTemplate":"https:\/\/halityardimci.com\/?s={search_term_string}"},"query-input":{"@type":"PropertyValueSpecification","valueRequired":true,"valueName":"search_term_string"}}],"inLanguage":"en-US"},{"@type":"Organization","@id":"https:\/\/halityardimci.com\/#organization","name":"Dr. Ey\u00fcp Halit Yard\u0131mc\u0131","url":"https:\/\/halityardimci.com\/","logo":{"@type":"ImageObject","inLanguage":"en-US","@id":"https:\/\/halityardimci.com\/#\/schema\/logo\/image\/","url":"https:\/\/halityardimci.com\/wp-content\/uploads\/2026\/02\/logo-beyaz-halit.png","contentUrl":"https:\/\/halityardimci.com\/wp-content\/uploads\/2026\/02\/logo-beyaz-halit.png","width":500,"height":500,"caption":"Dr. Ey\u00fcp Halit Yard\u0131mc\u0131"},"image":{"@id":"https:\/\/halityardimci.com\/#\/schema\/logo\/image\/"}}]}},"_links":{"self":[{"href":"https:\/\/halityardimci.com\/en\/wp-json\/wp\/v2\/pages\/1453","targetHints":{"allow":["GET"]}}],"collection":[{"href":"https:\/\/halityardimci.com\/en\/wp-json\/wp\/v2\/pages"}],"about":[{"href":"https:\/\/halityardimci.com\/en\/wp-json\/wp\/v2\/types\/page"}],"author":[{"embeddable":true,"href":"https:\/\/halityardimci.com\/en\/wp-json\/wp\/v2\/users\/1"}],"replies":[{"embeddable":true,"href":"https:\/\/halityardimci.com\/en\/wp-json\/wp\/v2\/comments?post=1453"}],"version-history":[{"count":50,"href":"https:\/\/halityardimci.com\/en\/wp-json\/wp\/v2\/pages\/1453\/revisions"}],"predecessor-version":[{"id":69493,"href":"https:\/\/halityardimci.com\/en\/wp-json\/wp\/v2\/pages\/1453\/revisions\/69493"}],"wp:attachment":[{"href":"https:\/\/halityardimci.com\/en\/wp-json\/wp\/v2\/media?parent=1453"}],"curies":[{"name":"wp","href":"https:\/\/api.w.org\/{rel}","templated":true}]}}